{"id":84,"date":"2020-10-16T18:13:00","date_gmt":"2020-10-16T18:13:00","guid":{"rendered":"http:\/\/www.vlune.cz\/?page_id=84"},"modified":"2026-03-02T10:45:50","modified_gmt":"2026-03-02T10:45:50","slug":"doporucuji","status":"publish","type":"page","link":"https:\/\/www.vlune.cz\/?page_id=84","title":{"rendered":"Doporu\u010duji"},"content":{"rendered":"\t\t<div data-elementor-type=\"wp-page\" data-elementor-id=\"84\" class=\"elementor elementor-84\">\n\t\t\t\t\t\t<section class=\"elementor-section elementor-top-section elementor-element elementor-element-1cbd11b3 elementor-section-boxed elementor-section-height-default elementor-section-height-default\" data-id=\"1cbd11b3\" data-element_type=\"section\">\n\t\t\t\t\t\t<div class=\"elementor-container elementor-column-gap-default\">\n\t\t\t\t\t<div class=\"elementor-column elementor-col-100 elementor-top-column elementor-element elementor-element-ad85219\" data-id=\"ad85219\" data-element_type=\"column\">\n\t\t\t<div class=\"elementor-widget-wrap elementor-element-populated\">\n\t\t\t\t\t\t<div class=\"elementor-element elementor-element-7f8f1554 elementor-widget elementor-widget-text-editor\" data-id=\"7f8f1554\" data-element_type=\"widget\" data-widget_type=\"text-editor.default\">\n\t\t\t\t<div class=\"elementor-widget-container\">\n\t\t\t\t\t\t\t\t\t<p>Zde najdete dle m\u00e9ho n\u00e1zoru skv\u011blou literaturu, filmy, pom\u016fcky a tipy na zaj\u00edmav\u00e9 webov\u00e9 str\u00e1nky. Pokud jste mou klientkou, n\u011bkter\u00e9 z knih m\u00e1m k dispozici k zap\u016fj\u010den\u00ed.<\/p>\n<p><!-- \/wp:paragraph --><!-- wp:paragraph {\"align\":\"center\",\"textColor\":\"cyan-bluish-gray\"} --><\/p>\n<p><span style=\"color: #008080;\"><strong> <img fetchpriority=\"high\" decoding=\"async\" class=\"size-medium wp-image-607 alignright\" src=\"http:\/\/www.vlune.cz\/wp-content\/uploads\/2023\/02\/Sn\u00edmek-obrazovky_20230221_154114-219x300.png\" alt=\"\" width=\"219\" height=\"300\" srcset=\"https:\/\/www.vlune.cz\/wp-content\/uploads\/2023\/02\/Sn\u00edmek-obrazovky_20230221_154114-219x300.png 219w, https:\/\/www.vlune.cz\/wp-content\/uploads\/2023\/02\/Sn\u00edmek-obrazovky_20230221_154114.png 565w\" sizes=\"(max-width: 219px) 100vw, 219px\" \/><\/strong><\/span><\/p>\n<p><span style=\"color: #008080;\"><strong>LITERATURA<\/strong><\/span><\/p>\n<p><!-- \/wp:paragraph --><!-- wp:paragraph --><\/p>\n<p><strong>\u017densk\u00e9 zdrav\u00ed<\/strong><\/p>\n<ul>\n<li>Od narozen\u00ed k prvn\u00edmu po\u010det\u00ed (odborn\u00e1 publikace zam\u011b\u0159en\u00e1 na soulad psychick\u00fdch a fyzick\u00fdch aspekt\u016f \u017eeny) &#8211; Christiane Northrup<\/li>\n<li>Plodnost &#8211; Helena M\u00e1slov\u00e1\u00a0<\/li>\n<\/ul>\n<p><strong>P\u0159\u00edprava na porod<\/strong><\/p>\n<p><!-- \/wp:paragraph --><!-- wp:paragraph --><\/p>\n<ul>\n<li>Aby porod nebolel &#8211; Lucie a Radek Groverovi Such\u00fdch<\/li>\n<li>Hovory s porodn\u00ed b\u00e1bou &#8211; Jana Dole\u017ealov\u00e1<\/li>\n<li>Porod doma &#8211; Jana Dole\u017ealov\u00e1<\/li>\n<li><span style=\"color: var( --e-global-color-text ); font-family: var( --e-global-typography-text-font-family ), Sans-serif; font-weight: var( --e-global-typography-text-font-weight ); letter-spacing: 0px;\">Znovuzrozen\u00fd porod &#8211; Michel Odent<\/span><\/li>\n<li><span style=\"color: var( --e-global-color-text ); font-family: var( --e-global-typography-text-font-family ), Sans-serif; font-weight: var( --e-global-typography-text-font-weight ); letter-spacing: 0px;\">L\u00e1ska jako v\u011bda &#8211; Michel Odent<\/span><\/li>\n<li>Lotosov\u00fd porod &#8211; Shivam Rachana<\/li>\n<li>Porod bez n\u00e1sil\u00ed &#8211; Fr\u00e9d\u00e9rick Leboyer<\/li>\n<li>Z\u00e1zrak porodu &#8211; Ina May Gaskin<\/li>\n<li>Zdrav\u00e9 t\u011bhotenstv\u00ed, p\u0159irozen\u00fd porod &#8211; Ingeborg Stadelmann<\/li>\n<li>N\u00e1vrat k porodu jako k p\u0159echodov\u00e9mu ritu\u00e1lu &#8211; Rachel Reed<\/li>\n<li>Co je pro m\u011b dobr\u00e9 &#8211; Rozhodov\u00e1n\u00ed v dob\u011b t\u011bhotenstv\u00ed a porodu &#8211; Sara Wickham<\/li>\n<li><span style=\"color: var( --e-global-color-text ); font-family: var( --e-global-typography-text-font-family ), Sans-serif; font-weight: var( --e-global-typography-text-font-weight ); letter-spacing: 0px;\">Bro\u017eura <\/span><a style=\"font-family: var( --e-global-typography-text-font-family ), Sans-serif; font-weight: var( --e-global-typography-text-font-weight ); background-color: #ffffff; letter-spacing: 0px;\" href=\"https:\/\/www.iham.cz\/nabizime\/brozura\/\">Cesty ke spokojen\u00e9mu porodu<\/a><span style=\"color: var( --e-global-color-text ); font-family: var( --e-global-typography-text-font-family ), Sans-serif; font-weight: var( --e-global-typography-text-font-weight ); letter-spacing: 0px;\"> od Hnut\u00ed za aktivn\u00ed mate\u0159stv\u00ed<\/span><\/li>\n<li><span style=\"color: var( --e-global-color-text ); font-family: var( --e-global-typography-text-font-family ), Sans-serif; font-weight: var( --e-global-typography-text-font-weight ); letter-spacing: 0px;\">Let\u00e1ky: &#8222;<\/span><a style=\"font-family: var( --e-global-typography-text-font-family ), Sans-serif; font-weight: var( --e-global-typography-text-font-weight ); background-color: #ffffff; letter-spacing: 0px;\" href=\"https:\/\/czlobby.cz\/cs\/dokumenty\/letaky-porodnictvi-2016\">T\u011bhotenstv\u00ed, porod a va\u0161e pr\u00e1va&#8220;, &#8222;Aktu\u00e1ln\u00ed trendy v porodn\u00ed p\u00e9\u010di&#8220;, &#8222;Tak jsem opravdu t\u011bhotn\u00e1<\/a><span style=\"color: var( --e-global-color-text ); font-family: var( --e-global-typography-text-font-family ), Sans-serif; font-weight: var( --e-global-typography-text-font-weight ); letter-spacing: 0px;\">&#8220; od \u010cesk\u00e9 \u017eensk\u00e9 lobby<\/span><\/li>\n<\/ul>\n<p><!-- \/wp:paragraph --><!-- wp:paragraph --><\/p>\n<p><strong>Kojen\u00ed<\/strong><\/p>\n<p><!-- \/wp:paragraph --><!-- wp:paragraph --><\/p>\n<ul>\n<li>Praktick\u00fd n\u00e1vod na kojen\u00ed &#8211; Andrea Polokov\u00e1<\/li>\n<\/ul>\n<div><strong>\u0160estined\u011bl\u00ed<\/strong><\/div>\n<ul>\n<li>N\u00e1vrat do sv\u00e9ho t\u011bla po t\u011bhotenstv\u00ed a porodu &#8211; Iva Fi\u0161kandlov\u00e1<\/li>\n<li>\u010ctvrt\u00fd trimestr &#8211; Kimberly Ann Johnson<\/li>\n<\/ul>\n<p><!-- \/wp:paragraph --><!-- wp:paragraph --><\/p>\n<p><strong>T\u00e9ma poporodn\u00ed deprese<\/strong><\/p>\n<p><!-- \/wp:paragraph --><!-- wp:paragraph --><\/p>\n<ul>\n<li>Slzy po porodu &#8211; Elisabeth Geisel<\/li>\n<\/ul>\n<p><strong>Sexualita<\/strong><\/p>\n<ul>\n<li>V\u011bdom\u00e9 milov\u00e1n\u00ed &#8211; Diana Richardson<\/li>\n<\/ul>\n<p><!-- \/wp:paragraph --><!-- wp:paragraph --><\/p>\n<p><strong>Pov\u00edd\u00e1n\u00ed s d\u011btmi <\/strong><\/p>\n<p><!-- \/wp:paragraph --><!-- wp:paragraph --><\/p>\n<ul>\n<li>Pov\u00eddej mi, jak jsem se narodil\/a &#8211; Vlasta Jir\u00e1skov\u00e1<\/li>\n<li>Bude n\u00e1s v\u00edc &#8211; Mariana Ry\u0161av\u00e1\u00a0<\/li>\n<li>Mamin\u010dino b\u0159\u00ed\u0161ko, M\u00e1me doma miminko, Na\u0161e mal\u00e1 Ani\u010dka &#8211; Regina Masaracchiov\u00e1 &amp; Ute Taschnerov\u00e1<\/li>\n<\/ul>\n<p><!-- \/wp:paragraph --><!-- wp:paragraph --><\/p>\n<p><strong>Ztr\u00e1ta miminka<\/strong><\/p>\n<p><!-- \/wp:paragraph --><!-- wp:paragraph --><\/p>\n<ul>\n<li>Se\u0161it M\u00e9mu miminku &#8211; Lenka Bla\u017eejov\u00e1<\/li>\n<li><span style=\"color: var( --e-global-color-text ); font-family: var( --e-global-typography-text-font-family ), Sans-serif; font-weight: var( --e-global-typography-text-font-weight ); letter-spacing: 0px;\">D\u011bti nebe (Pr\u016fvodce pro rodi\u010de pro\u017e\u00edvaj\u00edc\u00ed ztr\u00e1tu d\u00edt\u011bte) &#8211; Centrum pro rodinu a soci\u00e1ln\u00ed p\u00e9\u010di<\/span><\/li>\n<li><span style=\"color: var( --e-global-color-text ); font-family: var( --e-global-typography-text-font-family ), Sans-serif; font-weight: var( --e-global-typography-text-font-weight ); letter-spacing: 0px;\">Mal\u00fd pr\u016fvodce pro p\u0159\u00e1tele a bl\u00edzk\u00e9 okol\u00ed rodi\u010d\u016f, kter\u00fdm zem\u0159elo d\u00edt\u011b &#8211; Martina Hr\u00e1sk\u00e1<\/span><\/li>\n<li>Neh\u00e1zej mim\u010do do \u017eita &#8211; Kate\u0159ina Hor\u00e1zn\u00e1<\/li>\n<li>T\u011bhotnej Buddha &#8211; Kl\u00e1ra Svobodov\u00e1<\/li>\n<\/ul>\n<p><!-- \/wp:paragraph --><!-- wp:paragraph {\"align\":\"center\",\"textColor\":\"cyan-bluish-gray\"} --><\/p>\n<p><span style=\"color: #008080;\"><strong>\u00a0<\/strong><\/span><\/p>\n<p><span style=\"color: #008080;\"><strong>FILMY a DOKUMENTY<\/strong><\/span><\/p>\n<p><!-- \/wp:paragraph --><!-- wp:paragraph --><\/p>\n<ul>\n<li>Trojjedin\u00e1 &#8211; dokument o t\u0159ech \u00fapln\u011b jin\u00fdch porodn\u00edch asistentk\u00e1ch<\/li>\n<li>Nejt\u011b\u017e\u0161\u00ed volba &#8211; dokument o \u017een\u00e1ch, kter\u00e9 se rozhodly pokra\u010dovat v t\u011bhotenstv\u00ed i p\u0159es nep\u0159\u00edznivou diagn\u00f3zu miminka\u00a0<\/li>\n<\/ul>\n<p>\u00a0<\/p>\n<p><span style=\"color: #008080;\"><strong>\u010cASOPISY<\/strong><\/span><\/p>\n<ul>\n<li>Prav\u00fd dom\u00e1c\u00ed \u010dasopis (m\u00e1m hodn\u011b r\u00e1da star\u00e1 \u010d\u00edsla)<\/li>\n<li>Heroine\u00a0<\/li>\n<\/ul>\n<p>\u00a0<\/p>\n<p><!-- \/wp:paragraph --><!-- wp:paragraph {\"textColor\":\"cyan-bluish-gray\"} --><\/p>\n<p style=\"text-align: center;\"><span style=\"color: #008080;\"><strong>\u00a0<\/strong><\/span><\/p>\n<p style=\"text-align: center;\"><span style=\"color: #008080;\"><strong>OD UNIE PORODN\u00cdCH ASISTENTEK<\/strong><\/span><\/p>\n<p><!-- \/wp:paragraph --><!-- wp:paragraph --><\/p>\n<ul>\n<li><a href=\"https:\/\/www.unipa.cz\/produkt\/tehotenska-prukazka-a-pruvodce-tehotenstvim\/\">T\u011bhotensk\u00e1 pr\u016fkazka<\/a><!-- \/wp:paragraph --><!-- wp:paragraph --><\/li>\n<li><a href=\"https:\/\/www.unipa.cz\/produkt\/muj-pruvodce-tehotenstvim-s-tehotenskym-denikem\/\">Pr\u016fvodce t\u011bhotenstv\u00edm s den\u00edkem<\/a><!-- \/wp:paragraph --><!-- wp:paragraph --><!-- \/wp:paragraph --><!-- wp:paragraph --><\/li>\n<\/ul>\n<p><!-- \/wp:paragraph --><!-- wp:paragraph {\"align\":\"left\",\"textColor\":\"cyan-bluish-gray\"} --><\/p>\n<p style=\"text-align: center;\"><span style=\"color: #008080;\"><strong>\u00a0<\/strong><\/span><span style=\"color: #008080;\"><strong>WEBOV\u00c9 STR\u00c1NKY<\/strong><\/span><\/p>\n<p><!-- \/wp:paragraph --><!-- wp:paragraph --><\/p>\n<ul>\n<li><a href=\"http:\/\/www.unipa.cz\">Unie porodn\u00edch asistentek<\/a> (profesn\u00ed organizace pro porodn\u00ed asistentky, studentky porodn\u00ed asistence a rodi\u010de, organizuje vzd\u011bl\u00e1vac\u00ed akce, poskytuje podporu, aktu\u00e1ln\u00ed informace z oboru porodnictv\u00ed, najdete na n\u00ed <a href=\"https:\/\/www.unipa.cz\/mapa-porodnich-asistentek\/\">Mapu porodn\u00edch asistentek<\/a> s \u010dlenstv\u00edm v UNIPA a taky <a href=\"https:\/\/www.unipa.cz\/poradna\/\">on-line poradnu<\/a> porodn\u00ed asistentky)<\/li>\n<li><a style=\"font-family: var( --e-global-typography-text-font-family ), Sans-serif; font-weight: var( --e-global-typography-text-font-weight ); background-color: #ffffff; letter-spacing: 0px;\" href=\"http:\/\/www.duly.cz\">\u010cesk\u00e1 asociace dul<\/a> (profesn\u00ed organizace dul)<\/li>\n<li><span style=\"color: var( --e-global-color-text ); font-family: var( --e-global-typography-text-font-family ), Sans-serif; font-weight: var( --e-global-typography-text-font-weight ); letter-spacing: 0px;\"><a href=\"https:\/\/www.spokojeni.org\">Spokojen\u00ed<\/a> a <a href=\"http:\/\/www.mamila.sk\">Mamila<\/a> (o kojen\u00ed)<\/span><\/li>\n<li><span style=\"color: var( --e-global-color-text ); font-family: var( --e-global-typography-text-font-family ), Sans-serif; font-weight: var( --e-global-typography-text-font-weight ); letter-spacing: 0px;\"><a href=\"http:\/\/sestinedelky.cz\/\">\u0160estined\u011blky<\/a> (tipy pro \u0161estined\u011bl\u00ed)<\/span><\/li>\n<li><a style=\"font-family: var( --e-global-typography-text-font-family ), Sans-serif; font-weight: var( --e-global-typography-text-font-weight ); background-color: #ffffff; letter-spacing: 0px;\" href=\"http:\/\/www.bkb.cz\">B\u00edl\u00fd kruh bezpe\u010d\u00ed<\/a><span style=\"color: var( --e-global-color-text ); font-family: var( --e-global-typography-text-font-family ), Sans-serif; font-weight: var( --e-global-typography-text-font-weight ); letter-spacing: 0px;\"> (neziskov\u00e1 organizace pom\u00e1haj\u00edc\u00ed ob\u011btem a sv\u011bdk\u016fm kriminality)<\/span><\/li>\n<li><a href=\"http:\/\/www.spondea.cz\">Spondea<\/a> (neziskov\u00e1 organizace zab\u00fdvaj\u00edc\u00ed se dom\u00e1c\u00edm n\u00e1sil\u00edm, krizovou intervenc\u00ed, rodinn\u00fdm poradenstv\u00edm a klinickou psychologi\u00ed)<\/li>\n<li><a href=\"http:\/\/www.nesehnuti.cz\">Nesehnut\u00ed<\/a> (neziskov\u00e1 organizace zam\u011b\u0159en\u00e1 na soci\u00e1ln\u011b-ekologickou problematiku, zab\u00fdv\u00e1 se otci na mate\u0159sk\u00e9, genderov\u00fdmi stereotypy, ekofeminismem, sexismem )<\/li>\n<li><a style=\"font-family: var( --e-global-typography-text-font-family ), Sans-serif; font-weight: var( --e-global-typography-text-font-weight ); background-color: #ffffff; letter-spacing: 0px;\" href=\"https:\/\/www.branakezdravi.cz\/\">Br\u00e1na ke zdrav\u00ed<\/a><span style=\"color: var( --e-global-color-text ); font-family: var( --e-global-typography-text-font-family ), Sans-serif; font-weight: var( --e-global-typography-text-font-weight ); letter-spacing: 0px;\"> (obch\u016fdek v Brn\u011b na Orl\u00ed, kde najdete kr\u00e1sn\u00fd v\u011bci pro t\u011bhotenstv\u00ed, porod, \u0161estined\u011bl\u00ed, mate\u0159stv\u00ed, \u017eenstv\u00ed, rodinu&#8230;)<\/span><\/li>\n<li><a style=\"font-family: var( --e-global-typography-text-font-family ), Sans-serif; font-weight: var( --e-global-typography-text-font-weight ); background-color: #ffffff; letter-spacing: 0px;\" href=\"http:\/\/www.rodolad.cz\">Rodolad<\/a><span style=\"color: var( --e-global-color-text ); font-family: var( --e-global-typography-text-font-family ), Sans-serif; font-weight: var( --e-global-typography-text-font-weight ); letter-spacing: 0px;\"> (\u0161\u00e1tky na podvazov\u00e1n\u00ed b\u0159\u00ed\u0161ka v t\u011bhotenstv\u00ed a zavinov\u00e1n\u00ed b\u0159\u00ed\u0161ka po porodu, \u0161\u00e1tky beng kung)<\/span><\/li>\n<li><a style=\"font-family: var( --e-global-typography-text-font-family ), Sans-serif; font-weight: var( --e-global-typography-text-font-weight ); background-color: #ffffff; letter-spacing: 0px;\" href=\"http:\/\/www.harmoniezeny.cz\">Harmonie \u017eeny<\/a><span style=\"color: var( --e-global-color-text ); font-family: var( --e-global-typography-text-font-family ), Sans-serif; font-weight: var( --e-global-typography-text-font-weight ); letter-spacing: 0px;\"> (str\u00e1nky bylinkov\u00e9 duly Jany Urb\u00e1nkov\u00e9 s eshopem, \u0161ic\u00ed byliny, sm\u011bs pro p\u00e9\u010di o pup\u00ed\u010dek, sm\u011bsi pro vagin\u00e1ln\u00ed nap\u00e1\u0159ky, reboza)<\/span><\/li>\n<li><a style=\"font-family: var( --e-global-typography-text-font-family ), Sans-serif; font-weight: var( --e-global-typography-text-font-weight ); background-color: #ffffff; letter-spacing: 0px;\" href=\"http:\/\/www.strom-zivota.net\">Strom \u017eivota<\/a><span style=\"color: var( --e-global-color-text ); font-family: var( --e-global-typography-text-font-family ), Sans-serif; font-weight: var( --e-global-typography-text-font-weight ); letter-spacing: 0px;\"> (blog porodn\u00ed asistentky Kristiny Neubertov\u00e9 Zem\u00e1nkov\u00e9 se zaj\u00edmav\u00fdmi \u010dl\u00e1nky, ebooky, nab\u00eddkou vzd\u011bl\u00e1vac\u00edch kurz\u016f)<\/span><\/li>\n<li><a style=\"font-family: var( --e-global-typography-text-font-family ), Sans-serif; font-weight: var( --e-global-typography-text-font-weight ); background-color: #ffffff; letter-spacing: 0px;\" href=\"https:\/\/www.uporodnibaby.cz\/\">U porodn\u00ed b\u00e1by<\/a><span style=\"color: var( --e-global-color-text ); font-family: var( --e-global-typography-text-font-family ), Sans-serif; font-weight: var( --e-global-typography-text-font-weight ); letter-spacing: 0px;\"> (blog porodn\u00ed asistentky Jany Riedlov\u00e9)<\/span><\/li>\n<li><a href=\"http:\/\/www.lanatali.cz\/\">La Natali<\/a> (e-shop s p\u0159edm\u011bty t\u00fdkaj\u00edc\u00edmi se porodnictv\u00ed &#8211; pro zdravotn\u00edky i rodi\u010de)<\/li>\n<li><a href=\"https:\/\/gabrielatuatti.cz\/o-mne\/\">Gabriela Tuatti<\/a> (webov\u00e9 str\u00e1nky naturoterapeutky a bylink\u00e1\u0159ky, kter\u00e1 pom\u00e1h\u00e1 \u017een\u00e1m nap\u0159. s gynekologick\u00fdmi obt\u00ed\u017eemi (nap\u0159. s endometri\u00f3zou)\u00a0<\/li>\n<li><a href=\"https:\/\/www.sarawickham.com\/\">Blog porodn\u00ed asistentky Sary Wickham<\/a> (skv\u011bl\u00e9 \u010dl\u00e1nky zahrani\u010dn\u00ed porodn\u00ed asistentky, nap\u0159. o vitaminu K, anti-D profylaxi, streptokokovi, indukci a vy\u0161\u0161\u00edm BMI v souvislosti s obdob\u00edm mate\u0159stv\u00ed)<\/li>\n<li><a href=\"https:\/\/www.cisarovnam.cz\/\">C\u00edsa\u0159ovn\u00e1m<\/a> (web pro \u017eeny, kter\u00e9 porodily c\u00edsa\u0159sk\u00fdm \u0159ezem nebo se cht\u011bj\u00ed o porodu c\u00edsa\u0159sk\u00fdm \u0159ezem n\u011bco dozv\u011bd\u011bt)\u00a0<\/li>\n<\/ul>\n<p><span style=\"color: #008080;\"><strong>FACEBOOKOV\u00c9 STR\u00c1NKY<\/strong><\/span><\/p>\n<ul>\n<li><a href=\"https:\/\/www.facebook.com\/groups\/902265710621439\/\">\u010carovn\u00e9 \u0161estined\u011bl\u00ed<\/a> (str\u00e1nky duly Hanky \u010cerm\u00e1kov\u00e9)<\/li>\n<\/ul>\n<p><!-- \/wp:paragraph --><!-- wp:paragraph --><\/p>\n<p><!-- \/wp:paragraph --><\/p>\t\t\t\t\t\t\t\t<\/div>\n\t\t\t\t<\/div>\n\t\t\t\t\t<\/div>\n\t\t<\/div>\n\t\t\t\t\t<\/div>\n\t\t<\/section>\n\t\t\t\t<\/div>\n\t\t","protected":false},"excerpt":{"rendered":"<p>Zde najdete dle m\u00e9ho n\u00e1zoru skv\u011blou literaturu, filmy, pom\u016fcky a tipy na zaj\u00edmav\u00e9 webov\u00e9 str\u00e1nky. Pokud jste mou klientkou, n\u011bkter\u00e9 z knih m\u00e1m k dispozici k zap\u016fj\u010den\u00ed. LITERATURA \u017densk\u00e9 zdrav\u00ed Od narozen\u00ed k prvn\u00edmu po\u010det\u00ed (odborn\u00e1 publikace zam\u011b\u0159en\u00e1 na soulad psychick\u00fdch a fyzick\u00fdch aspekt\u016f \u017eeny) &#8211; Christiane Northrup Plodnost &#8211; Helena M\u00e1slov\u00e1\u00a0 P\u0159\u00edprava na porod Aby porod nebolel &#8211; Lucie a Radek Groverovi Such\u00fdch Hovory s porodn\u00ed b\u00e1bou &#8211; Jana Dole\u017ealov\u00e1 Porod doma &#8211; Jana Dole\u017ealov\u00e1 Znovuzrozen\u00fd porod &#8211; Michel Odent L\u00e1ska jako v\u011bda &#8211; Michel Odent Lotosov\u00fd porod &#8211; Shivam Rachana Porod bez n\u00e1sil\u00ed &#8211; Fr\u00e9d\u00e9rick Leboyer Z\u00e1zrak porodu &#8211; Ina May Gaskin Zdrav\u00e9 t\u011bhotenstv\u00ed, p\u0159irozen\u00fd porod &#8211; Ingeborg Stadelmann N\u00e1vrat k porodu jako k p\u0159echodov\u00e9mu ritu\u00e1lu &#8211; Rachel Reed Co je pro m\u011b dobr\u00e9 &#8211; Rozhodov\u00e1n\u00ed v dob\u011b t\u011bhotenstv\u00ed a porodu &#8211; Sara Wickham Bro\u017eura Cesty ke spokojen\u00e9mu porodu od Hnut\u00ed za aktivn\u00ed mate\u0159stv\u00ed Let\u00e1ky: &#8222;T\u011bhotenstv\u00ed, porod a va\u0161e pr\u00e1va&#8220;, &#8222;Aktu\u00e1ln\u00ed trendy v porodn\u00ed p\u00e9\u010di&#8220;, &#8222;Tak jsem opravdu t\u011bhotn\u00e1&#8220; od \u010cesk\u00e9 \u017eensk\u00e9 lobby Kojen\u00ed Praktick\u00fd n\u00e1vod na kojen\u00ed &#8211; Andrea Polokov\u00e1 \u0160estined\u011bl\u00ed N\u00e1vrat do sv\u00e9ho t\u011bla po t\u011bhotenstv\u00ed a porodu &#8211; Iva Fi\u0161kandlov\u00e1 \u010ctvrt\u00fd trimestr &#8211; Kimberly Ann Johnson T\u00e9ma poporodn\u00ed deprese Slzy po porodu &#8211; Elisabeth Geisel Sexualita V\u011bdom\u00e9 milov\u00e1n\u00ed &#8211; Diana Richardson Pov\u00edd\u00e1n\u00ed s d\u011btmi Pov\u00eddej mi, jak jsem se narodil\/a &#8211; Vlasta Jir\u00e1skov\u00e1 Bude n\u00e1s v\u00edc &#8211; Mariana Ry\u0161av\u00e1\u00a0 Mamin\u010dino b\u0159\u00ed\u0161ko, M\u00e1me doma miminko, Na\u0161e mal\u00e1 Ani\u010dka &#8211; Regina Masaracchiov\u00e1 &amp; Ute Taschnerov\u00e1 Ztr\u00e1ta miminka Se\u0161it M\u00e9mu miminku &#8211; Lenka Bla\u017eejov\u00e1 D\u011bti nebe (Pr\u016fvodce pro rodi\u010de pro\u017e\u00edvaj\u00edc\u00ed ztr\u00e1tu d\u00edt\u011bte) &#8211; Centrum pro rodinu a soci\u00e1ln\u00ed p\u00e9\u010di Mal\u00fd pr\u016fvodce pro p\u0159\u00e1tele a bl\u00edzk\u00e9 okol\u00ed rodi\u010d\u016f, kter\u00fdm zem\u0159elo d\u00edt\u011b &#8211; Martina Hr\u00e1sk\u00e1 Neh\u00e1zej mim\u010do do \u017eita &#8211; Kate\u0159ina Hor\u00e1zn\u00e1 T\u011bhotnej Buddha &#8211; Kl\u00e1ra Svobodov\u00e1 \u00a0 FILMY a DOKUMENTY Trojjedin\u00e1 &#8211; dokument o t\u0159ech \u00fapln\u011b jin\u00fdch porodn\u00edch asistentk\u00e1ch Nejt\u011b\u017e\u0161\u00ed volba &#8211; dokument o \u017een\u00e1ch, kter\u00e9 se rozhodly pokra\u010dovat v t\u011bhotenstv\u00ed i p\u0159es nep\u0159\u00edznivou diagn\u00f3zu miminka\u00a0 \u00a0 \u010cASOPISY Prav\u00fd dom\u00e1c\u00ed \u010dasopis (m\u00e1m hodn\u011b r\u00e1da star\u00e1 \u010d\u00edsla) Heroine\u00a0 \u00a0 \u00a0 OD UNIE PORODN\u00cdCH ASISTENTEK T\u011bhotensk\u00e1 pr\u016fkazka Pr\u016fvodce t\u011bhotenstv\u00edm s den\u00edkem \u00a0WEBOV\u00c9 STR\u00c1NKY Unie porodn\u00edch asistentek (profesn\u00ed organizace pro porodn\u00ed asistentky, studentky porodn\u00ed asistence a rodi\u010de, organizuje vzd\u011bl\u00e1vac\u00ed akce, poskytuje podporu, aktu\u00e1ln\u00ed informace z oboru porodnictv\u00ed, najdete na n\u00ed Mapu porodn\u00edch asistentek s \u010dlenstv\u00edm v UNIPA a taky on-line poradnu porodn\u00ed asistentky) \u010cesk\u00e1 asociace dul (profesn\u00ed organizace dul) Spokojen\u00ed a Mamila (o kojen\u00ed) \u0160estined\u011blky (tipy pro \u0161estined\u011bl\u00ed) B\u00edl\u00fd kruh bezpe\u010d\u00ed (neziskov\u00e1 organizace pom\u00e1haj\u00edc\u00ed ob\u011btem a sv\u011bdk\u016fm kriminality) Spondea (neziskov\u00e1 organizace zab\u00fdvaj\u00edc\u00ed se dom\u00e1c\u00edm n\u00e1sil\u00edm, krizovou intervenc\u00ed, rodinn\u00fdm poradenstv\u00edm a klinickou psychologi\u00ed) Nesehnut\u00ed (neziskov\u00e1 organizace zam\u011b\u0159en\u00e1 na soci\u00e1ln\u011b-ekologickou problematiku, zab\u00fdv\u00e1 se otci na mate\u0159sk\u00e9, genderov\u00fdmi stereotypy, ekofeminismem, sexismem ) Br\u00e1na ke zdrav\u00ed (obch\u016fdek v Brn\u011b na Orl\u00ed, kde najdete kr\u00e1sn\u00fd v\u011bci pro t\u011bhotenstv\u00ed, porod, \u0161estined\u011bl\u00ed, mate\u0159stv\u00ed, \u017eenstv\u00ed, rodinu&#8230;) Rodolad (\u0161\u00e1tky na podvazov\u00e1n\u00ed b\u0159\u00ed\u0161ka v t\u011bhotenstv\u00ed a zavinov\u00e1n\u00ed b\u0159\u00ed\u0161ka po porodu, \u0161\u00e1tky beng kung) Harmonie \u017eeny (str\u00e1nky bylinkov\u00e9 duly Jany Urb\u00e1nkov\u00e9 s eshopem, \u0161ic\u00ed byliny, sm\u011bs pro p\u00e9\u010di o pup\u00ed\u010dek, sm\u011bsi pro vagin\u00e1ln\u00ed nap\u00e1\u0159ky, reboza) Strom \u017eivota (blog porodn\u00ed asistentky Kristiny Neubertov\u00e9 Zem\u00e1nkov\u00e9 se zaj\u00edmav\u00fdmi \u010dl\u00e1nky, ebooky, nab\u00eddkou vzd\u011bl\u00e1vac\u00edch kurz\u016f) U porodn\u00ed b\u00e1by (blog porodn\u00ed asistentky Jany Riedlov\u00e9) La Natali (e-shop s p\u0159edm\u011bty t\u00fdkaj\u00edc\u00edmi se porodnictv\u00ed &#8211; pro zdravotn\u00edky i rodi\u010de) Gabriela Tuatti (webov\u00e9 str\u00e1nky naturoterapeutky a bylink\u00e1\u0159ky, kter\u00e1 pom\u00e1h\u00e1 \u017een\u00e1m nap\u0159. s gynekologick\u00fdmi obt\u00ed\u017eemi (nap\u0159. s endometri\u00f3zou)\u00a0 Blog porodn\u00ed asistentky Sary Wickham (skv\u011bl\u00e9 \u010dl\u00e1nky zahrani\u010dn\u00ed porodn\u00ed asistentky, nap\u0159. o vitaminu K, anti-D profylaxi, streptokokovi, indukci a vy\u0161\u0161\u00edm BMI v souvislosti s obdob\u00edm mate\u0159stv\u00ed) C\u00edsa\u0159ovn\u00e1m (web pro \u017eeny, kter\u00e9 porodily c\u00edsa\u0159sk\u00fdm \u0159ezem nebo se cht\u011bj\u00ed o porodu c\u00edsa\u0159sk\u00fdm \u0159ezem n\u011bco dozv\u011bd\u011bt)\u00a0 FACEBOOKOV\u00c9 STR\u00c1NKY \u010carovn\u00e9 \u0161estined\u011bl\u00ed (str\u00e1nky duly Hanky \u010cerm\u00e1kov\u00e9)<\/p>\n","protected":false},"author":1,"featured_media":0,"parent":0,"menu_order":0,"comment_status":"closed","ping_status":"closed","template":"","meta":{"footnotes":""},"class_list":["post-84","page","type-page","status-publish","hentry"],"_links":{"self":[{"href":"https:\/\/www.vlune.cz\/index.php?rest_route=\/wp\/v2\/pages\/84","targetHints":{"allow":["GET"]}}],"collection":[{"href":"https:\/\/www.vlune.cz\/index.php?rest_route=\/wp\/v2\/pages"}],"about":[{"href":"https:\/\/www.vlune.cz\/index.php?rest_route=\/wp\/v2\/types\/page"}],"author":[{"embeddable":true,"href":"https:\/\/www.vlune.cz\/index.php?rest_route=\/wp\/v2\/users\/1"}],"replies":[{"embeddable":true,"href":"https:\/\/www.vlune.cz\/index.php?rest_route=%2Fwp%2Fv2%2Fcomments&post=84"}],"version-history":[{"count":82,"href":"https:\/\/www.vlune.cz\/index.php?rest_route=\/wp\/v2\/pages\/84\/revisions"}],"predecessor-version":[{"id":970,"href":"https:\/\/www.vlune.cz\/index.php?rest_route=\/wp\/v2\/pages\/84\/revisions\/970"}],"wp:attachment":[{"href":"https:\/\/www.vlune.cz\/index.php?rest_route=%2Fwp%2Fv2%2Fmedia&parent=84"}],"curies":[{"name":"wp","href":"https:\/\/api.w.org\/{rel}","templated":true}]}}