{"id":480,"date":"2022-10-14T14:14:27","date_gmt":"2022-10-14T14:14:27","guid":{"rendered":"http:\/\/www.vlune.cz\/?page_id=480"},"modified":"2026-01-04T19:47:51","modified_gmt":"2026-01-04T19:47:51","slug":"stripky-z-pece","status":"publish","type":"page","link":"https:\/\/www.vlune.cz\/?page_id=480","title":{"rendered":"Momentky z p\u00e9\u010de"},"content":{"rendered":"\t\t<div data-elementor-type=\"wp-page\" data-elementor-id=\"480\" class=\"elementor elementor-480\">\n\t\t\t\t\t\t<section class=\"elementor-section elementor-top-section elementor-element elementor-element-4443b32 elementor-section-boxed elementor-section-height-default elementor-section-height-default\" data-id=\"4443b32\" data-element_type=\"section\">\n\t\t\t\t\t\t<div class=\"elementor-container elementor-column-gap-default\">\n\t\t\t\t\t<div class=\"elementor-column elementor-col-100 elementor-top-column elementor-element elementor-element-e701f14\" data-id=\"e701f14\" data-element_type=\"column\">\n\t\t\t<div class=\"elementor-widget-wrap elementor-element-populated\">\n\t\t\t\t\t\t<div class=\"elementor-element elementor-element-45a831e3 elementor-widget elementor-widget-text-editor\" data-id=\"45a831e3\" data-element_type=\"widget\" data-widget_type=\"text-editor.default\">\n\t\t\t\t<div class=\"elementor-widget-container\">\n\t\t\t\t\t\t\t\t\t\n<p>Se souhlasem \u017een sd\u00edl\u00edm momentky p\u00e9\u010de.<\/p>\n<p>\u00a0<\/p>\n<p style=\"text-align: center;\"><strong>T\u011bhotenstv\u00ed<\/strong><\/p>\n\n<figure id=\"attachment_709\" aria-describedby=\"caption-attachment-709\" style=\"width: 768px\" class=\"wp-caption aligncenter\"><img fetchpriority=\"high\" decoding=\"async\" class=\"wp-image-709 size-full\" src=\"http:\/\/www.vlune.cz\/wp-content\/uploads\/2024\/03\/IMG-20230628-WA0028.jpg\" alt=\"\" width=\"768\" height=\"1024\" srcset=\"https:\/\/www.vlune.cz\/wp-content\/uploads\/2024\/03\/IMG-20230628-WA0028.jpg 768w, https:\/\/www.vlune.cz\/wp-content\/uploads\/2024\/03\/IMG-20230628-WA0028-225x300.jpg 225w\" sizes=\"(max-width: 768px) 100vw, 768px\" \/><figcaption id=\"caption-attachment-709\" class=\"wp-caption-text\">Z p\u0159edporodn\u00edho ritu\u00e1lu<\/figcaption><\/figure>\n<figure id=\"attachment_708\" aria-describedby=\"caption-attachment-708\" style=\"width: 768px\" class=\"wp-caption aligncenter\"><img decoding=\"async\" class=\"wp-image-708 size-full\" src=\"http:\/\/www.vlune.cz\/wp-content\/uploads\/2024\/03\/IMG-20230801-WA0005.jpg\" alt=\"\" width=\"768\" height=\"1024\" srcset=\"https:\/\/www.vlune.cz\/wp-content\/uploads\/2024\/03\/IMG-20230801-WA0005.jpg 768w, https:\/\/www.vlune.cz\/wp-content\/uploads\/2024\/03\/IMG-20230801-WA0005-225x300.jpg 225w\" sizes=\"(max-width: 768px) 100vw, 768px\" \/><figcaption id=\"caption-attachment-708\" class=\"wp-caption-text\">Z p\u0159edporodn\u00ed konzultace<\/figcaption><\/figure>\n<figure id=\"attachment_908\" aria-describedby=\"caption-attachment-908\" style=\"width: 492px\" class=\"wp-caption aligncenter\"><img decoding=\"async\" class=\"wp-image-908 size-full\" src=\"http:\/\/www.vlune.cz\/wp-content\/uploads\/2025\/11\/Untitled.jpg\" alt=\"\" width=\"492\" height=\"653\" srcset=\"https:\/\/www.vlune.cz\/wp-content\/uploads\/2025\/11\/Untitled.jpg 492w, https:\/\/www.vlune.cz\/wp-content\/uploads\/2025\/11\/Untitled-226x300.jpg 226w\" sizes=\"(max-width: 492px) 100vw, 492px\" \/><figcaption id=\"caption-attachment-908\" class=\"wp-caption-text\">Z t\u011bhotensk\u00e9 poradny<\/figcaption><\/figure>\n<p>\u00a0<\/p>\n<p style=\"text-align: center;\"><strong>Atmosf\u00e9ry porod\u016f<\/strong><\/p>\n<figure id=\"attachment_707\" aria-describedby=\"caption-attachment-707\" style=\"width: 1496px\" class=\"wp-caption aligncenter\"><img loading=\"lazy\" decoding=\"async\" class=\"wp-image-707 size-full\" src=\"http:\/\/www.vlune.cz\/wp-content\/uploads\/2024\/03\/IMG-20230818-WA0005.jpg\" alt=\"\" width=\"1496\" height=\"2000\" srcset=\"https:\/\/www.vlune.cz\/wp-content\/uploads\/2024\/03\/IMG-20230818-WA0005.jpg 1496w, https:\/\/www.vlune.cz\/wp-content\/uploads\/2024\/03\/IMG-20230818-WA0005-224x300.jpg 224w, https:\/\/www.vlune.cz\/wp-content\/uploads\/2024\/03\/IMG-20230818-WA0005-766x1024.jpg 766w, https:\/\/www.vlune.cz\/wp-content\/uploads\/2024\/03\/IMG-20230818-WA0005-768x1027.jpg 768w, https:\/\/www.vlune.cz\/wp-content\/uploads\/2024\/03\/IMG-20230818-WA0005-1149x1536.jpg 1149w, https:\/\/www.vlune.cz\/wp-content\/uploads\/2024\/03\/IMG-20230818-WA0005-1140x1524.jpg 1140w\" sizes=\"(max-width: 1496px) 100vw, 1496px\" \/><figcaption id=\"caption-attachment-707\" class=\"wp-caption-text\">Kr\u00e1tce po porodu &#8211; porodn\u00ed dokumentace<\/figcaption><\/figure>\n<figure id=\"attachment_905\" aria-describedby=\"caption-attachment-905\" style=\"width: 1600px\" class=\"wp-caption aligncenter\"><img loading=\"lazy\" decoding=\"async\" class=\"wp-image-905 size-full\" src=\"http:\/\/www.vlune.cz\/wp-content\/uploads\/2025\/11\/IMG-20240214-WA0011.jpg\" alt=\"\" width=\"1600\" height=\"1200\" srcset=\"https:\/\/www.vlune.cz\/wp-content\/uploads\/2025\/11\/IMG-20240214-WA0011.jpg 1600w, https:\/\/www.vlune.cz\/wp-content\/uploads\/2025\/11\/IMG-20240214-WA0011-300x225.jpg 300w, https:\/\/www.vlune.cz\/wp-content\/uploads\/2025\/11\/IMG-20240214-WA0011-1024x768.jpg 1024w, https:\/\/www.vlune.cz\/wp-content\/uploads\/2025\/11\/IMG-20240214-WA0011-768x576.jpg 768w, https:\/\/www.vlune.cz\/wp-content\/uploads\/2025\/11\/IMG-20240214-WA0011-1536x1152.jpg 1536w, https:\/\/www.vlune.cz\/wp-content\/uploads\/2025\/11\/IMG-20240214-WA0011-1140x855.jpg 1140w\" sizes=\"(max-width: 1600px) 100vw, 1600px\" \/><figcaption id=\"caption-attachment-905\" class=\"wp-caption-text\">Focen\u00ed na pam\u00e1tku po porodu<\/figcaption><\/figure>\n<p><img loading=\"lazy\" decoding=\"async\" class=\"wp-image-959 size-large aligncenter\" src=\"http:\/\/www.vlune.cz\/wp-content\/uploads\/2026\/01\/IMG-20250505-WA0010-768x1024.jpg\" alt=\"\" width=\"768\" height=\"1024\" srcset=\"https:\/\/www.vlune.cz\/wp-content\/uploads\/2026\/01\/IMG-20250505-WA0010-768x1024.jpg 768w, https:\/\/www.vlune.cz\/wp-content\/uploads\/2026\/01\/IMG-20250505-WA0010-225x300.jpg 225w, https:\/\/www.vlune.cz\/wp-content\/uploads\/2026\/01\/IMG-20250505-WA0010-1152x1536.jpg 1152w, https:\/\/www.vlune.cz\/wp-content\/uploads\/2026\/01\/IMG-20250505-WA0010-1140x1520.jpg 1140w, https:\/\/www.vlune.cz\/wp-content\/uploads\/2026\/01\/IMG-20250505-WA0010.jpg 1536w\" sizes=\"(max-width: 768px) 100vw, 768px\" \/><\/p>\n<p>\u00a0<\/p>\n\n<p class=\"has-text-align-center\" style=\"text-align: center;\"><strong>Poporodn\u00ed p\u00e9\u010de<\/strong><\/p>\n\n<div class=\"wp-block-group\">\n<div class=\"wp-block-group__inner-container is-layout-flow wp-block-group-is-layout-flow\">\n<figure class=\"wp-block-image size-full\">\n<figure id=\"attachment_500\" aria-describedby=\"caption-attachment-500\" style=\"width: 1080px\" class=\"wp-caption aligncenter\"><img loading=\"lazy\" decoding=\"async\" class=\"wp-image-500 size-full\" src=\"http:\/\/www.vlune.cz\/wp-content\/uploads\/2022\/10\/309139492_1246958386094441_6295340192759317337_n-1.jpg\" alt=\"\" width=\"1080\" height=\"1440\" srcset=\"https:\/\/www.vlune.cz\/wp-content\/uploads\/2022\/10\/309139492_1246958386094441_6295340192759317337_n-1.jpg 1080w, https:\/\/www.vlune.cz\/wp-content\/uploads\/2022\/10\/309139492_1246958386094441_6295340192759317337_n-1-225x300.jpg 225w, https:\/\/www.vlune.cz\/wp-content\/uploads\/2022\/10\/309139492_1246958386094441_6295340192759317337_n-1-768x1024.jpg 768w\" sizes=\"(max-width: 1080px) 100vw, 1080px\" \/><figcaption id=\"caption-attachment-500\" class=\"wp-caption-text\">Poporodn\u00ed ritu\u00e1l &#8211; \u010d\u00e1st zavinov\u00e1n\u00ed<\/figcaption><\/figure>\n<\/figure>\n<figure id=\"attachment_481\" aria-describedby=\"caption-attachment-481\" style=\"width: 1076px\" class=\"wp-caption aligncenter\"><img loading=\"lazy\" decoding=\"async\" class=\"wp-image-481 size-full\" src=\"http:\/\/www.vlune.cz\/wp-content\/uploads\/2022\/10\/310912010_1606835899750172_6949780244247728185_n.jpg\" alt=\"\" width=\"1076\" height=\"1180\" srcset=\"https:\/\/www.vlune.cz\/wp-content\/uploads\/2022\/10\/310912010_1606835899750172_6949780244247728185_n.jpg 1076w, https:\/\/www.vlune.cz\/wp-content\/uploads\/2022\/10\/310912010_1606835899750172_6949780244247728185_n-274x300.jpg 274w, https:\/\/www.vlune.cz\/wp-content\/uploads\/2022\/10\/310912010_1606835899750172_6949780244247728185_n-934x1024.jpg 934w, https:\/\/www.vlune.cz\/wp-content\/uploads\/2022\/10\/310912010_1606835899750172_6949780244247728185_n-768x842.jpg 768w\" sizes=\"(max-width: 1076px) 100vw, 1076px\" \/><figcaption id=\"caption-attachment-481\" class=\"wp-caption-text\">Ope\u010dovat \u017eenu se d\u00e1 i s miminkem na prsu \ud83d\ude42<\/figcaption><\/figure>\n<p>\u00a0<\/p>\n<figure id=\"attachment_706\" aria-describedby=\"caption-attachment-706\" style=\"width: 1496px\" class=\"wp-caption aligncenter\"><img loading=\"lazy\" decoding=\"async\" class=\"wp-image-706 size-full\" src=\"http:\/\/www.vlune.cz\/wp-content\/uploads\/2024\/03\/IMG-20231016-WA0038.jpg\" alt=\"\" width=\"1496\" height=\"2000\" srcset=\"https:\/\/www.vlune.cz\/wp-content\/uploads\/2024\/03\/IMG-20231016-WA0038.jpg 1496w, https:\/\/www.vlune.cz\/wp-content\/uploads\/2024\/03\/IMG-20231016-WA0038-224x300.jpg 224w, https:\/\/www.vlune.cz\/wp-content\/uploads\/2024\/03\/IMG-20231016-WA0038-766x1024.jpg 766w, https:\/\/www.vlune.cz\/wp-content\/uploads\/2024\/03\/IMG-20231016-WA0038-768x1027.jpg 768w, https:\/\/www.vlune.cz\/wp-content\/uploads\/2024\/03\/IMG-20231016-WA0038-1149x1536.jpg 1149w, https:\/\/www.vlune.cz\/wp-content\/uploads\/2024\/03\/IMG-20231016-WA0038-1140x1524.jpg 1140w\" sizes=\"(max-width: 1496px) 100vw, 1496px\" \/><figcaption id=\"caption-attachment-706\" class=\"wp-caption-text\">Z poporodn\u00edho ritu\u00e1lu<\/figcaption><\/figure>\n<p>\u00a0<\/p>\n<p>\u00a0\u00a0<\/p>\n<figure class=\"wp-block-image size-full\">\n<p>\u00a0<\/p>\n<\/figure>\n<\/div>\n<\/div>\n\t\t\t\t\t\t\t\t<\/div>\n\t\t\t\t<\/div>\n\t\t\t\t\t<\/div>\n\t\t<\/div>\n\t\t\t\t\t<\/div>\n\t\t<\/section>\n\t\t\t\t<\/div>\n\t\t","protected":false},"excerpt":{"rendered":"<p>Se souhlasem \u017een sd\u00edl\u00edm momentky p\u00e9\u010de. \u00a0 T\u011bhotenstv\u00ed \u00a0 Atmosf\u00e9ry porod\u016f \u00a0 Poporodn\u00ed p\u00e9\u010de<\/p>\n","protected":false},"author":1,"featured_media":0,"parent":0,"menu_order":0,"comment_status":"closed","ping_status":"closed","template":"","meta":{"footnotes":""},"class_list":["post-480","page","type-page","status-publish","hentry"],"_links":{"self":[{"href":"https:\/\/www.vlune.cz\/index.php?rest_route=\/wp\/v2\/pages\/480","targetHints":{"allow":["GET"]}}],"collection":[{"href":"https:\/\/www.vlune.cz\/index.php?rest_route=\/wp\/v2\/pages"}],"about":[{"href":"https:\/\/www.vlune.cz\/index.php?rest_route=\/wp\/v2\/types\/page"}],"author":[{"embeddable":true,"href":"https:\/\/www.vlune.cz\/index.php?rest_route=\/wp\/v2\/users\/1"}],"replies":[{"embeddable":true,"href":"https:\/\/www.vlune.cz\/index.php?rest_route=%2Fwp%2Fv2%2Fcomments&post=480"}],"version-history":[{"count":34,"href":"https:\/\/www.vlune.cz\/index.php?rest_route=\/wp\/v2\/pages\/480\/revisions"}],"predecessor-version":[{"id":962,"href":"https:\/\/www.vlune.cz\/index.php?rest_route=\/wp\/v2\/pages\/480\/revisions\/962"}],"wp:attachment":[{"href":"https:\/\/www.vlune.cz\/index.php?rest_route=%2Fwp%2Fv2%2Fmedia&parent=480"}],"curies":[{"name":"wp","href":"https:\/\/api.w.org\/{rel}","templated":true}]}}