{"id":33,"date":"2020-07-03T23:59:52","date_gmt":"2020-07-03T23:59:52","guid":{"rendered":"http:\/\/www.vlune.cz\/?page_id=33"},"modified":"2025-10-12T09:55:46","modified_gmt":"2025-10-12T09:55:46","slug":"kontakt","status":"publish","type":"page","link":"https:\/\/www.vlune.cz\/?page_id=33","title":{"rendered":"Kontakt"},"content":{"rendered":"\t\t<div data-elementor-type=\"wp-page\" data-elementor-id=\"33\" class=\"elementor elementor-33\">\n\t\t\t\t\t\t<section class=\"elementor-section elementor-top-section elementor-element elementor-element-7e0d7bde elementor-section-boxed elementor-section-height-default elementor-section-height-default\" data-id=\"7e0d7bde\" data-element_type=\"section\">\n\t\t\t\t\t\t<div class=\"elementor-container elementor-column-gap-default\">\n\t\t\t\t\t<div class=\"elementor-column elementor-col-100 elementor-top-column elementor-element elementor-element-901c79\" data-id=\"901c79\" data-element_type=\"column\">\n\t\t\t<div class=\"elementor-widget-wrap elementor-element-populated\">\n\t\t\t\t\t\t<div class=\"elementor-element elementor-element-920706 elementor-widget elementor-widget-text-editor\" data-id=\"920706\" data-element_type=\"widget\" data-widget_type=\"text-editor.default\">\n\t\t\t\t<div class=\"elementor-widget-container\">\n\t\t\t\t\t\t\t\t\t<p style=\"text-align: left;\"><strong>\u00a0<\/strong><\/p>\n<p style=\"text-align: left;\"><strong>Tereza No\u017ei\u010dkov\u00e1 <br \/><\/strong>tel.: 604 569 970 <br \/>e-mail: info@vlune.cz\u00a0<\/p>\n<p style=\"text-align: left;\"><a href=\"https:\/\/www.facebook.com\/profile.php?id=100082487963480&amp;sk=about\">Facebook<\/a><\/p>\n<p><a href=\"https:\/\/www.instagram.com\/tereza.nozickova_porodnibaba\/?igsh=bmU5a2RtNmxranRv\">Instagram<\/a><\/p>\n<p>\u00a0<\/p>\n<p>D\u016fle\u017eit\u00e9:<\/p>\n<ul>\n<li>prvn\u00ed kontakt SMS, d\u00e1le si m\u016f\u017eeme zavolat<\/li>\n<li>pokud V\u00e1m zrovna dr\u017e\u00edm pohotovost, m\u016f\u017eete ps\u00e1t i volat kdykoli<\/li>\n<li>pokud jste moje klientka a m\u00e1te akutn\u00ed dotaz, m\u016f\u017eete ps\u00e1t i volat kdykoli<\/li>\n<li>pokud nejste moje klientka, nedr\u017e\u00edm V\u00e1m pohotovost nebo V\u00e1\u0161 dotaz nen\u00ed akutn\u00ed, kontaktujte m\u011b v pracovn\u00ed dny mezi 10.00-17.00<\/li>\n<\/ul>\n<p>Whatsapp, Messenger, Sign\u00e1l skupiny vyu\u017e\u00edv\u00e1m pouze k sd\u00edlen\u00ed aktu\u00e1ln\u00edch v\u00fdsledk\u016f t\u011bhotensk\u00fdch poraden a vy\u0161et\u0159en\u00ed u gynekolo\u017eky\/gynekologa, check-inu do porodnice a sd\u00edlen\u00ed aktualit na po\u010d\u00e1tku porodu p\u0159ed odjezdem k porodu. \u00da\u010delem skupin je transparentnost pro v\u0161echny \u010dleny porodn\u00edho t\u00fdmu. <span style=\"color: #ff0000;\"><strong>Chat neslou\u017e\u00ed jako n\u00e1hrada t\u011bhotensk\u00e9 poradny, konzultace \u010di poporodn\u00ed n\u00e1v\u0161t\u011bvy.<\/strong><\/span><\/p>\n<p>Dotazy akutn\u00ed \u010di dotazy, kter\u00e9 vy\u017eaduj\u00ed rychlou odpov\u011b\u010f pros\u00edm uskute\u010d\u0148ujte telefonicky.\u00a0 <span style=\"color: #808080;\">Neakutn\u00ed ot\u00e1zky a t\u00e9mata si pros\u00edm sepi\u0161te a probereme je osobn\u011b na t\u011bhotensk\u00e9 poradn\u011b, konzultaci, poporodn\u00ed n\u00e1v\u0161t\u011bv\u011b. <\/span><\/p>\n<p><span style=\"color: #808080;\">Pokud V\u00e1m zrovna dr\u017e\u00edm pohotovost a m\u00e1te informaci, kter\u00e1 nepo\u010dk\u00e1 (nap\u0159. &#8222;Mysl\u00edm, \u017ee za\u010d\u00edn\u00e1m rodit.), pros\u00edm, volejte. U SMS, mailu a chat\u016f m\u00edv\u00e1m vypnut\u00e1 upozorn\u011bn\u00ed a v\u011bnuji se jim, jakmile m\u00e1m na n\u011b \u010das, klid a prostor.\u00a0<\/span><\/p>\n<p>\u00a0<\/p>\n<p><!-- \/wp:paragraph --><!-- wp:paragraph --><\/p>\n<p>\u00a0<\/p>\n<p><!-- \/wp:paragraph --><!-- wp:paragraph --><\/p>\n<p><!-- \/wp:paragraph --><\/p>\t\t\t\t\t\t\t\t<\/div>\n\t\t\t\t<\/div>\n\t\t\t\t\t<\/div>\n\t\t<\/div>\n\t\t\t\t\t<\/div>\n\t\t<\/section>\n\t\t\t\t<\/div>\n\t\t","protected":false},"excerpt":{"rendered":"<p>\u00a0 Tereza No\u017ei\u010dkov\u00e1 tel.: 604 569 970 e-mail: info@vlune.cz\u00a0 Facebook Instagram \u00a0 D\u016fle\u017eit\u00e9: prvn\u00ed kontakt SMS, d\u00e1le si m\u016f\u017eeme zavolat pokud V\u00e1m zrovna dr\u017e\u00edm pohotovost, m\u016f\u017eete ps\u00e1t i volat kdykoli pokud jste moje klientka a m\u00e1te akutn\u00ed dotaz, m\u016f\u017eete ps\u00e1t i volat kdykoli pokud nejste moje klientka, nedr\u017e\u00edm V\u00e1m pohotovost nebo V\u00e1\u0161 dotaz nen\u00ed akutn\u00ed, kontaktujte m\u011b v pracovn\u00ed dny mezi 10.00-17.00 Whatsapp, Messenger, Sign\u00e1l skupiny vyu\u017e\u00edv\u00e1m pouze k sd\u00edlen\u00ed aktu\u00e1ln\u00edch v\u00fdsledk\u016f t\u011bhotensk\u00fdch poraden a vy\u0161et\u0159en\u00ed u gynekolo\u017eky\/gynekologa, check-inu do porodnice a sd\u00edlen\u00ed aktualit na po\u010d\u00e1tku porodu p\u0159ed odjezdem k porodu. \u00da\u010delem skupin je transparentnost pro v\u0161echny \u010dleny porodn\u00edho t\u00fdmu. Chat neslou\u017e\u00ed jako n\u00e1hrada t\u011bhotensk\u00e9 poradny, konzultace \u010di poporodn\u00ed n\u00e1v\u0161t\u011bvy. Dotazy akutn\u00ed \u010di dotazy, kter\u00e9 vy\u017eaduj\u00ed rychlou odpov\u011b\u010f pros\u00edm uskute\u010d\u0148ujte telefonicky.\u00a0 Neakutn\u00ed ot\u00e1zky a t\u00e9mata si pros\u00edm sepi\u0161te a probereme je osobn\u011b na t\u011bhotensk\u00e9 poradn\u011b, konzultaci, poporodn\u00ed n\u00e1v\u0161t\u011bv\u011b. Pokud V\u00e1m zrovna dr\u017e\u00edm pohotovost a m\u00e1te informaci, kter\u00e1 nepo\u010dk\u00e1 (nap\u0159. &#8222;Mysl\u00edm, \u017ee za\u010d\u00edn\u00e1m rodit.), pros\u00edm, volejte. U SMS, mailu a chat\u016f m\u00edv\u00e1m vypnut\u00e1 upozorn\u011bn\u00ed a v\u011bnuji se jim, jakmile m\u00e1m na n\u011b \u010das, klid a prostor.\u00a0 \u00a0 \u00a0<\/p>\n","protected":false},"author":1,"featured_media":0,"parent":0,"menu_order":0,"comment_status":"closed","ping_status":"closed","template":"","meta":{"footnotes":""},"class_list":["post-33","page","type-page","status-publish","hentry"],"_links":{"self":[{"href":"https:\/\/www.vlune.cz\/index.php?rest_route=\/wp\/v2\/pages\/33","targetHints":{"allow":["GET"]}}],"collection":[{"href":"https:\/\/www.vlune.cz\/index.php?rest_route=\/wp\/v2\/pages"}],"about":[{"href":"https:\/\/www.vlune.cz\/index.php?rest_route=\/wp\/v2\/types\/page"}],"author":[{"embeddable":true,"href":"https:\/\/www.vlune.cz\/index.php?rest_route=\/wp\/v2\/users\/1"}],"replies":[{"embeddable":true,"href":"https:\/\/www.vlune.cz\/index.php?rest_route=%2Fwp%2Fv2%2Fcomments&post=33"}],"version-history":[{"count":31,"href":"https:\/\/www.vlune.cz\/index.php?rest_route=\/wp\/v2\/pages\/33\/revisions"}],"predecessor-version":[{"id":888,"href":"https:\/\/www.vlune.cz\/index.php?rest_route=\/wp\/v2\/pages\/33\/revisions\/888"}],"wp:attachment":[{"href":"https:\/\/www.vlune.cz\/index.php?rest_route=%2Fwp%2Fv2%2Fmedia&parent=33"}],"curies":[{"name":"wp","href":"https:\/\/api.w.org\/{rel}","templated":true}]}}